{"id":1224,"date":"2022-12-05T10:12:34","date_gmt":"2022-12-05T10:12:34","guid":{"rendered":"https:\/\/petsworld.ba\/home-3-copy\/"},"modified":"2024-09-30T09:00:03","modified_gmt":"2024-09-30T09:00:03","slug":"pets-world","status":"publish","type":"page","link":"https:\/\/petsworld.ba\/en\/","title":{"rendered":"Pets World"},"content":{"rendered":"<div data-elementor-type=\"wp-page\" data-elementor-id=\"1224\" class=\"elementor elementor-1224\">\n\t\t\t\t\t\t<section class=\"elementor-section elementor-top-section elementor-element elementor-element-3005963 elementor-section-height-min-height elementor-section-items-top elementor-section-content-top elementor-section-boxed elementor-section-height-default\" data-id=\"3005963\" data-element_type=\"section\" data-settings=\"{&quot;background_background&quot;:&quot;classic&quot;}\">\n\t\t\t\t\t\t\t<div class=\"elementor-background-overlay\"><\/div>\n\t\t\t\t\t\t\t<div class=\"elementor-container elementor-column-gap-default\">\n\t\t\t\t\t<div class=\"elementor-column elementor-col-100 elementor-top-column elementor-element elementor-element-39a4381\" data-id=\"39a4381\" data-element_type=\"column\">\n\t\t\t<div class=\"elementor-widget-wrap elementor-element-populated\">\n\t\t\t\t\t\t<div class=\"elementor-element elementor-element-06c45db elementor-widget elementor-widget-heading\" data-id=\"06c45db\" data-element_type=\"widget\" data-widget_type=\"heading.default\">\n\t\t\t\t<div class=\"elementor-widget-container\">\n\t\t\t<h2 class=\"elementor-heading-title elementor-size-default\">Va\u0161i ljubimci su na\u0161i prijatelji<\/h2>\t\t<\/div>\n\t\t\t\t<\/div>\n\t\t\t\t<div class=\"elementor-element elementor-element-a10c8a9 elementor-widget__width-auto elementor-widget elementor-widget-heading\" data-id=\"a10c8a9\" data-element_type=\"widget\" data-widget_type=\"heading.default\">\n\t\t\t\t<div class=\"elementor-widget-container\">\n\t\t\t<h2 class=\"elementor-heading-title elementor-size-default\">Visokokvalitetni namje\u0161taj za ku\u0107ne ljubimce<\/h2>\t\t<\/div>\n\t\t\t\t<\/div>\n\t\t\t\t<div class=\"elementor-element elementor-element-ad2a955 elementor-absolute elementor-widget elementor-widget-spacer\" data-id=\"ad2a955\" data-element_type=\"widget\" data-settings=\"{&quot;_position&quot;:&quot;absolute&quot;}\" data-widget_type=\"spacer.default\">\n\t\t\t\t<div class=\"elementor-widget-container\">\n\t\t\t\t\t<div class=\"elementor-spacer\">\n\t\t\t<div class=\"elementor-spacer-inner\"><\/div>\n\t\t<\/div>\n\t\t\t\t<\/div>\n\t\t\t\t<\/div>\n\t\t\t\t\t<\/div>\n\t\t<\/div>\n\t\t\t\t\t<\/div>\n\t\t<\/section>\n\t\t\t\t<section class=\"elementor-section elementor-top-section elementor-element elementor-element-d53da37 elementor-section-content-middle elementor-reverse-mobile elementor-section-boxed elementor-section-height-default elementor-section-height-default\" data-id=\"d53da37\" data-element_type=\"section\" id=\"grooming\" data-settings=\"{&quot;background_background&quot;:&quot;classic&quot;}\">\n\t\t\t\t\t\t<div class=\"elementor-container elementor-column-gap-default\">\n\t\t\t\t\t<div class=\"elementor-column elementor-col-100 elementor-top-column elementor-element elementor-element-116ae1b\" data-id=\"116ae1b\" data-element_type=\"column\">\n\t\t\t<div class=\"elementor-widget-wrap elementor-element-populated\">\n\t\t\t\t\t\t<div class=\"elementor-element elementor-element-139098b elementor-vertical-align-middle elementor-widget elementor-widget-icon-box\" data-id=\"139098b\" data-element_type=\"widget\" data-widget_type=\"icon-box.default\">\n\t\t\t\t<div class=\"elementor-widget-container\">\n\t\t\t\t\t<div class=\"elementor-icon-box-wrapper\">\n\n\t\t\t\n\t\t\t\t\t\t<div class=\"elementor-icon-box-content\">\n\n\t\t\t\t\t\t\t\t\t<h3 class=\"elementor-icon-box-title\">\n\t\t\t\t\t\t<span  >\n\t\t\t\t\t\t\tPets World\t\t\t\t\t\t<\/span>\n\t\t\t\t\t<\/h3>\n\t\t\t\t\n\t\t\t\t\n\t\t\t<\/div>\n\t\t\t\n\t\t<\/div>\n\t\t\t\t<\/div>\n\t\t\t\t<\/div>\n\t\t\t\t<div class=\"elementor-element elementor-element-f0aa483 elementor-widget elementor-widget-text-editor\" data-id=\"f0aa483\" data-element_type=\"widget\" data-widget_type=\"text-editor.default\">\n\t\t\t\t<div class=\"elementor-widget-container\">\n\t\t\t\t\t\t\t\n\nDobrodo\u0161li u Pets World, va\u0161u omiljenu destinaciju za visokokvalitetni namje\u0161taj za ku\u0107ne ljubimce!\n\nNa\u0161a misija je pru\u017eiti va\u0161im dragim ljubimcima najudobnije i najmodernije proizvode, dizajnirane s ljubavlju i pa\u017enjom prema njihovim potrebama.\n\nNa\u0161a ponuda namje\u0161taja za ku\u0107ne ljubimce, uklju\u010duje le\u017ealjke, ku\u0107ice i grebalice, koje su izra\u0111ene od najkvalitetnijih materijala kako bi osigurali dugotrajnost i sigurnost.\n\t\t\t\t\t\t<\/div>\n\t\t\t\t<\/div>\n\t\t\t\t\t<\/div>\n\t\t<\/div>\n\t\t\t\t\t<\/div>\n\t\t<\/section>\n\t\t<div class=\"elementor-element elementor-element-bfca803 e-flex e-con-boxed e-con e-parent\" data-id=\"bfca803\" data-element_type=\"container\">\n\t\t\t\t\t<div class=\"e-con-inner\">\n\t\t\t\t<div class=\"elementor-element elementor-element-a104d16 elementor-widget elementor-widget-spacer\" data-id=\"a104d16\" data-element_type=\"widget\" data-widget_type=\"spacer.default\">\n\t\t\t\t<div class=\"elementor-widget-container\">\n\t\t\t\t\t<div class=\"elementor-spacer\">\n\t\t\t<div class=\"elementor-spacer-inner\"><\/div>\n\t\t<\/div>\n\t\t\t\t<\/div>\n\t\t\t\t<\/div>\n\t\t\t\t\t<\/div>\n\t\t\t\t<\/div>\n\t\t<div class=\"elementor-element elementor-element-b72508d e-flex e-con-boxed e-con e-parent\" data-id=\"b72508d\" data-element_type=\"container\">\n\t\t\t\t\t<div class=\"e-con-inner\">\n\t\t\t\t<div class=\"elementor-element elementor-element-36a4d08 elementor-widget elementor-widget-ideapark-banners\" data-id=\"36a4d08\" data-element_type=\"widget\" data-widget_type=\"ideapark-banners.default\">\n\t\t\t\t<div class=\"elementor-widget-container\">\n\t\t\t\t\t<div\n\t\t\tclass=\"c-ip-banners c-ip-banners--boxed large cnt-3\">\n\t\t\t<div class=\"c-ip-banners__wrap\">\n\t\t\t\t<div\n\t\t\t\t\t\t\t\t\t\tclass=\"c-ip-banners__list c-ip-banners__list--static\">\n\t\t\t\t\t\t\t\t\t\t\t\t\t\t\t\t\t<div\n\t\t\t\t\t\t\tdata-id=\"58855-6070bd89\"\n\t\t\t\t\t\t\tclass=\"c-ip-banners__item i-large\">\n\t\t\t\t\t\t\t\t\t\t\t\t\t\t<a href=\"\/en\/product-category\/kucice\/\" class=\"c-ip-banners__link\">\n\t\t\t\t\t\t\t\t\t\t\t\t\t\t\t\t<div\n\t\t\t\t\t\t\t\t\tclass=\"c-ip-banners__content c-ip-banners__content--large elementor-repeater-item-caea381\">\n\t\t\t\t\t\t\t\t\t<img loading=\"lazy\" decoding=\"async\" class=\"c-ip-banners__image\" width=\"765\" height=\"509\" src=\"https:\/\/petsworld.ba\/wp-content\/uploads\/2024\/07\/DSC_4283-765x509.jpg\" srcset=\"https:\/\/petsworld.ba\/wp-content\/uploads\/2024\/07\/DSC_4283-765x509.jpg 765w, https:\/\/petsworld.ba\/wp-content\/uploads\/2024\/07\/DSC_4283-460x306.jpg 460w, https:\/\/petsworld.ba\/wp-content\/uploads\/2024\/07\/DSC_4283-18x12.jpg 18w, https:\/\/petsworld.ba\/wp-content\/uploads\/2024\/07\/DSC_4283-920x612.jpg 920w, https:\/\/petsworld.ba\/wp-content\/uploads\/2024\/07\/DSC_4283-1320x878.jpg 1320w, https:\/\/petsworld.ba\/wp-content\/uploads\/2024\/07\/DSC_4283-231x154.jpg 231w, https:\/\/petsworld.ba\/wp-content\/uploads\/2024\/07\/DSC_4283.jpg 1512w\" sizes=\"(max-width: 765px) 100vw, 765px\" alt=\"DSC_4283\"\/><div style=\"--gradient:  linear-gradient(0deg, rgba(0, 0, 0, 0.6) 10.94%, rgba(0, 0, 0, 0) 100%);\" class=\"c-ip-banners__gradient\"><\/div><div class=\"c-ip-banners__border\"><\/div>\t\t\t\t\t\t\t\t\t\t\t\t\t\t\t\t\t\t\t\t\t\t\t\t\t\t\t\t<div class=\"c-ip-banners__header\">\n\t\t\t\t\t\t\t\t\t\t\t<div\n\t\t\t\t\t\t\t\t\t\t\t\tclass=\"c-ip-banners__text-inner\">Ku\u0107ice<\/div>\n\t\t\t\t\t\t\t\t\t\t<\/div>\n\t\t\t\t\t\t\t\t\t\t\t\t\t\t\t\t\t\t\t\t\t\t\t\t\t\t\t\t\t\t\t\t\t\t\t\t\t<div\n\t\t\t\t\t\t\t\t\t\t\tclass=\"c-ip-banners__subheader\">\n\t\t\t\t\t\t\t\t\t\t\t<div\n\t\t\t\t\t\t\t\t\t\t\t\tclass=\"c-ip-banners__text-inner\">Pets World<\/div>\n\t\t\t\t\t\t\t\t\t\t<\/div>\n\t\t\t\t\t\t\t\t\t\t\t\t\t\t\t\t\t\t\t\t\t\t\t\t\t\t<\/div>\n\t\t\t\t\t\t\t\t\t\t\t\t\t\t\t<\/a>\n\t\t\t\t\t\t\t\t\t\t\t\t<\/div>\n\t\t\t\t\t\t\t\t\t\t\t\t\t\t\t\t\t<div\n\t\t\t\t\t\t\tdata-id=\"58837-3092129f\"\n\t\t\t\t\t\t\tclass=\"c-ip-banners__item i-large\">\n\t\t\t\t\t\t\t\t\t\t\t\t\t\t<a href=\"\/en\/product-category\/grebalice\/\" class=\"c-ip-banners__link\">\n\t\t\t\t\t\t\t\t\t\t\t\t\t\t\t\t<div\n\t\t\t\t\t\t\t\t\tclass=\"c-ip-banners__content c-ip-banners__content--large elementor-repeater-item-fcda447\">\n\t\t\t\t\t\t\t\t\t<img loading=\"lazy\" decoding=\"async\" class=\"c-ip-banners__image\" width=\"765\" height=\"509\" src=\"https:\/\/petsworld.ba\/wp-content\/uploads\/2024\/07\/d-765x509.jpg\" srcset=\"https:\/\/petsworld.ba\/wp-content\/uploads\/2024\/07\/d-765x509.jpg 765w, https:\/\/petsworld.ba\/wp-content\/uploads\/2024\/07\/d-460x306.jpg 460w, https:\/\/petsworld.ba\/wp-content\/uploads\/2024\/07\/d-18x12.jpg 18w, https:\/\/petsworld.ba\/wp-content\/uploads\/2024\/07\/d-920x612.jpg 920w, https:\/\/petsworld.ba\/wp-content\/uploads\/2024\/07\/d-1320x878.jpg 1320w, https:\/\/petsworld.ba\/wp-content\/uploads\/2024\/07\/d-231x154.jpg 231w, https:\/\/petsworld.ba\/wp-content\/uploads\/2024\/07\/d.jpg 1512w\" sizes=\"(max-width: 765px) 100vw, 765px\" alt=\"d\"\/><div style=\"--gradient:  linear-gradient(0deg, rgba(0, 0, 0, 0.6) 10.94%, rgba(0, 0, 0, 0) 100%);\" class=\"c-ip-banners__gradient\"><\/div><div class=\"c-ip-banners__border\"><\/div>\t\t\t\t\t\t\t\t\t\t\t\t\t\t\t\t\t\t\t\t\t\t\t\t\t\t\t\t<div class=\"c-ip-banners__header\">\n\t\t\t\t\t\t\t\t\t\t\t<div\n\t\t\t\t\t\t\t\t\t\t\t\tclass=\"c-ip-banners__text-inner\">Grebalice<\/div>\n\t\t\t\t\t\t\t\t\t\t<\/div>\n\t\t\t\t\t\t\t\t\t\t\t\t\t\t\t\t\t\t\t\t\t\t\t\t\t\t\t\t\t\t\t\t\t\t\t\t\t<div\n\t\t\t\t\t\t\t\t\t\t\tclass=\"c-ip-banners__subheader\">\n\t\t\t\t\t\t\t\t\t\t\t<div\n\t\t\t\t\t\t\t\t\t\t\t\tclass=\"c-ip-banners__text-inner\">Pets World<\/div>\n\t\t\t\t\t\t\t\t\t\t<\/div>\n\t\t\t\t\t\t\t\t\t\t\t\t\t\t\t\t\t\t\t\t\t\t\t\t\t\t<\/div>\n\t\t\t\t\t\t\t\t\t\t\t\t\t\t\t<\/a>\n\t\t\t\t\t\t\t\t\t\t\t\t<\/div>\n\t\t\t\t\t\t\t\t\t\t\t\t\t\t\t\t\t<div\n\t\t\t\t\t\t\tdata-id=\"58599-d88f4217\"\n\t\t\t\t\t\t\tclass=\"c-ip-banners__item i-large\">\n\t\t\t\t\t\t\t\t\t\t\t\t\t\t<a href=\"\/en\/product-category\/lezaljke\/\" class=\"c-ip-banners__link\">\n\t\t\t\t\t\t\t\t\t\t\t\t\t\t\t\t<div\n\t\t\t\t\t\t\t\t\tclass=\"c-ip-banners__content c-ip-banners__content--large elementor-repeater-item-fe12d89\">\n\t\t\t\t\t\t\t\t\t<img loading=\"lazy\" decoding=\"async\" class=\"c-ip-banners__image\" width=\"765\" height=\"510\" src=\"https:\/\/petsworld.ba\/wp-content\/uploads\/2024\/06\/DSC_3471-765x510.jpg\" srcset=\"https:\/\/petsworld.ba\/wp-content\/uploads\/2024\/06\/DSC_3471-765x510.jpg 765w, https:\/\/petsworld.ba\/wp-content\/uploads\/2024\/06\/DSC_3471-460x307.jpg 460w, https:\/\/petsworld.ba\/wp-content\/uploads\/2024\/06\/DSC_3471-920x613.jpg 920w, https:\/\/petsworld.ba\/wp-content\/uploads\/2024\/06\/DSC_3471-231x154.jpg 231w, https:\/\/petsworld.ba\/wp-content\/uploads\/2024\/06\/DSC_3471.jpg 1200w\" sizes=\"(max-width: 765px) 100vw, 765px\" alt=\"DSC_3471\"\/><div style=\"--gradient:  linear-gradient(0deg, rgba(0, 0, 0, 0.6) 10.94%, rgba(0, 0, 0, 0) 100%);\" class=\"c-ip-banners__gradient\"><\/div><div class=\"c-ip-banners__border\"><\/div>\t\t\t\t\t\t\t\t\t\t\t\t\t\t\t\t\t\t\t\t\t\t\t\t\t\t\t\t<div class=\"c-ip-banners__header\">\n\t\t\t\t\t\t\t\t\t\t\t<div\n\t\t\t\t\t\t\t\t\t\t\t\tclass=\"c-ip-banners__text-inner\">Le\u017ealjke<\/div>\n\t\t\t\t\t\t\t\t\t\t<\/div>\n\t\t\t\t\t\t\t\t\t\t\t\t\t\t\t\t\t\t\t\t\t\t\t\t\t\t\t\t\t\t\t\t\t\t\t\t\t<div\n\t\t\t\t\t\t\t\t\t\t\tclass=\"c-ip-banners__subheader\">\n\t\t\t\t\t\t\t\t\t\t\t<div\n\t\t\t\t\t\t\t\t\t\t\t\tclass=\"c-ip-banners__text-inner\">Pets World<\/div>\n\t\t\t\t\t\t\t\t\t\t<\/div>\n\t\t\t\t\t\t\t\t\t\t\t\t\t\t\t\t\t\t\t\t\t\t\t\t\t\t<\/div>\n\t\t\t\t\t\t\t\t\t\t\t\t\t\t\t<\/a>\n\t\t\t\t\t\t\t\t\t\t\t\t<\/div>\n\t\t\t\t\t\t\t\t\t<\/div>\n\t\t\t<\/div>\n\t\t<\/div>\n\t\t\t\t<\/div>\n\t\t\t\t<\/div>\n\t\t\t\t\t<\/div>\n\t\t\t\t<\/div>\n\t\t\t\t<section class=\"elementor-section elementor-top-section elementor-element elementor-element-65c9dd3 elementor-section-boxed elementor-section-height-default elementor-section-height-default\" data-id=\"65c9dd3\" data-element_type=\"section\">\n\t\t\t\t\t\t<div class=\"elementor-container elementor-column-gap-default\">\n\t\t\t\t\t<div class=\"elementor-column elementor-col-100 elementor-top-column elementor-element elementor-element-ba85c07\" data-id=\"ba85c07\" data-element_type=\"column\">\n\t\t\t<div class=\"elementor-widget-wrap elementor-element-populated\">\n\t\t\t\t\t\t<div class=\"elementor-element elementor-element-5ed0e5f elementor-widget elementor-widget-heading\" data-id=\"5ed0e5f\" data-element_type=\"widget\" data-widget_type=\"heading.default\">\n\t\t\t\t<div class=\"elementor-widget-container\">\n\t\t\t<h2 class=\"elementor-heading-title elementor-size-default\">Aktuelnosti<\/h2>\t\t<\/div>\n\t\t\t\t<\/div>\n\t\t\t\t<div class=\"elementor-element elementor-element-c37d31b elementor-widget elementor-widget-ideapark-news-carousel\" data-id=\"c37d31b\" data-element_type=\"widget\" data-widget_type=\"ideapark-news-carousel.default\">\n\t\t\t\t<div class=\"elementor-widget-container\">\n\t\t\t\t\t<div class=\"c-ip-news__outer\">\n\t\t\t<div class=\"c-ip-news c-ip-news--carousel\">\n\t\t\t\t<div\n\t\t\t\t\tclass=\"c-ip-news__list c-ip-news__list--carousel c-ip-news__list--3 js-news-carousel h-carousel h-carousel--flex h-carousel--border h-carousel--round h-carousel--hover h-carousel--default-dots\"\n\t\t\t\t\tdata-layout=\"carousel\">\n\t\t\t\t\t\t\t\t\t\t\t\t\t\t\t\t\t<div\n\t\t\t\t\t\t\tclass=\"c-ip-news__item c-ip-news__item--carousel\">\n\t\t\t\t\t\t\t\t\t\t\t\t\t\t\t<a href=\"https:\/\/petsworld.ba\/en\/pets-world-osvojio-prestiznu-zlatnu-ruzu-zepsa\/\"\n\t\t\t\t\t\t\t\t   class=\"c-ip-news__thumb c-ip-news__thumb--carousel\">\n\t\t\t\t\t\t\t\t\t<img fetchpriority=\"high\" decoding=\"async\" width=\"765\" height=\"1020\" src=\"https:\/\/petsworld.ba\/wp-content\/uploads\/2024\/10\/Zeps-1-765x1020.jpg\" class=\"c-ip-news__img c-ip-news__img--carousel wp-post-image\" alt=\"\" srcset=\"https:\/\/petsworld.ba\/wp-content\/uploads\/2024\/10\/Zeps-1-765x1020.jpg 765w, https:\/\/petsworld.ba\/wp-content\/uploads\/2024\/10\/Zeps-1-460x613.jpg 460w, https:\/\/petsworld.ba\/wp-content\/uploads\/2024\/10\/Zeps-1-1530x2040.jpg 1530w, https:\/\/petsworld.ba\/wp-content\/uploads\/2024\/10\/Zeps-1-9x12.jpg 9w, https:\/\/petsworld.ba\/wp-content\/uploads\/2024\/10\/Zeps-1-920x1227.jpg 920w, https:\/\/petsworld.ba\/wp-content\/uploads\/2024\/10\/Zeps-1-1320x1760.jpg 1320w, https:\/\/petsworld.ba\/wp-content\/uploads\/2024\/10\/Zeps-1-231x308.jpg 231w\" sizes=\"(max-width: 765px) 100vw, 765px\" \/>\t\t\t\t\t\t\t\t<\/a>\n\t\t\t\t\t\t\t\t\t\t\t\t\t\t<div\n\t\t\t\t\t\t\t\tclass=\"c-ip-news__content c-ip-news__content--carousel\">\n\t\t\t\t\t\t\t\t\t\t\t\t\t\t\t\t\t<div\n\t\t\t\t\t\t\t\t\t\tclass=\"c-ip-news__meta-date c-ip-news__meta-date--carousel  c-ip-news__meta-date--with-thumb\">\n\t\t\t\t\t\t\t\t\t\tOctober 29, 2024\t\t\t\t\t\t\t\t\t<\/div>\n\t\t\t\t\t\t\t\t\t\t\t\t\t\t\t\t<div class=\"c-ip-news__title\"><a href=\"https:\/\/petsworld.ba\/en\/pets-world-osvojio-prestiznu-zlatnu-ruzu-zepsa\/\">PETS WORLD osvojio presti\u017enu\u00a0Zlatnu Ru\u017eu ZEPSA<\/a><\/div>\t\t\t\t\t\t\t\t<div class=\"c-ip-news__except c-ip-news__except--carousel\">\n\t\t\t\t\t\t\t\t\t\t\t\t\t\t\t\t\t\t\t<p>Dragi kupci i prijatelji, S ponosom&nbsp;Vas obavje\u0161tavamo da je&hellip;<\/p>\n\t\t\t\t\t\t\t\t\t\t\t\t\t\t\t\t\t\t<\/div>\n\t\t\t\t\t\t\t\t\t\t\t\t\t\t\t<\/div>\n\t\t\t\t\t\t<\/div>\n\t\t\t\t\t\t\t\t\t\t\t\t\t\t\t\t\t<div\n\t\t\t\t\t\t\tclass=\"c-ip-news__item c-ip-news__item--carousel\">\n\t\t\t\t\t\t\t\t\t\t\t\t\t\t\t<a href=\"https:\/\/petsworld.ba\/en\/namjestaj-i-grebalice-za-macke-brenda-pets-world-u-pet-shopu-mala-sapa-zenica\/\"\n\t\t\t\t\t\t\t\t   class=\"c-ip-news__thumb c-ip-news__thumb--carousel\">\n\t\t\t\t\t\t\t\t\t<img decoding=\"async\" width=\"765\" height=\"762\" src=\"https:\/\/petsworld.ba\/wp-content\/uploads\/2024\/10\/MALA-SAPA-765x762.jpg\" class=\"c-ip-news__img c-ip-news__img--carousel wp-post-image\" alt=\"\" srcset=\"https:\/\/petsworld.ba\/wp-content\/uploads\/2024\/10\/MALA-SAPA-765x762.jpg 765w, https:\/\/petsworld.ba\/wp-content\/uploads\/2024\/10\/MALA-SAPA-460x458.jpg 460w, https:\/\/petsworld.ba\/wp-content\/uploads\/2024\/10\/MALA-SAPA-115x115.jpg 115w, https:\/\/petsworld.ba\/wp-content\/uploads\/2024\/10\/MALA-SAPA-12x12.jpg 12w, https:\/\/petsworld.ba\/wp-content\/uploads\/2024\/10\/MALA-SAPA-920x917.jpg 920w, https:\/\/petsworld.ba\/wp-content\/uploads\/2024\/10\/MALA-SAPA-1320x1315.jpg 1320w, https:\/\/petsworld.ba\/wp-content\/uploads\/2024\/10\/MALA-SAPA-231x230.jpg 231w, https:\/\/petsworld.ba\/wp-content\/uploads\/2024\/10\/MALA-SAPA-50x50.jpg 50w, https:\/\/petsworld.ba\/wp-content\/uploads\/2024\/10\/MALA-SAPA-100x100.jpg 100w, https:\/\/petsworld.ba\/wp-content\/uploads\/2024\/10\/MALA-SAPA.jpg 1440w\" sizes=\"(max-width: 765px) 100vw, 765px\" \/>\t\t\t\t\t\t\t\t<\/a>\n\t\t\t\t\t\t\t\t\t\t\t\t\t\t<div\n\t\t\t\t\t\t\t\tclass=\"c-ip-news__content c-ip-news__content--carousel\">\n\t\t\t\t\t\t\t\t\t\t\t\t\t\t\t\t\t<div\n\t\t\t\t\t\t\t\t\t\tclass=\"c-ip-news__meta-date c-ip-news__meta-date--carousel  c-ip-news__meta-date--with-thumb\">\n\t\t\t\t\t\t\t\t\t\tOctober 29, 2024\t\t\t\t\t\t\t\t\t<\/div>\n\t\t\t\t\t\t\t\t\t\t\t\t\t\t\t\t<div class=\"c-ip-news__title\"><a href=\"https:\/\/petsworld.ba\/en\/namjestaj-i-grebalice-za-macke-brenda-pets-world-u-pet-shopu-mala-sapa-zenica\/\">Namje\u0161taj i grebalice za ma\u010dke brenda PETS WORLD u Pet Shopu Mala \u0160APA \u2013 Zenica<\/a><\/div>\t\t\t\t\t\t\t\t<div class=\"c-ip-news__except c-ip-news__except--carousel\">\n\t\t\t\t\t\t\t\t\t\t\t\t\t\t\t\t\t\t\t<p>Dragi ljubitelji ma\u010daka, S rado\u0161\u0107u Vas obavje\u0161tavamo da u&hellip;<\/p>\n\t\t\t\t\t\t\t\t\t\t\t\t\t\t\t\t\t\t<\/div>\n\t\t\t\t\t\t\t\t\t\t\t\t\t\t\t<\/div>\n\t\t\t\t\t\t<\/div>\n\t\t\t\t\t\t\t\t\t\t\t\t\t\t\t\t\t<div\n\t\t\t\t\t\t\tclass=\"c-ip-news__item c-ip-news__item--carousel\">\n\t\t\t\t\t\t\t\t\t\t\t\t\t\t\t<a href=\"https:\/\/petsworld.ba\/en\/nasi-proizvodi-sada-su-dostupni-i-u-pet-mania-u-tuzli\/\"\n\t\t\t\t\t\t\t\t   class=\"c-ip-news__thumb c-ip-news__thumb--carousel\">\n\t\t\t\t\t\t\t\t\t<img decoding=\"async\" width=\"765\" height=\"765\" src=\"https:\/\/petsworld.ba\/wp-content\/uploads\/2024\/09\/pet-m-765x765.jpg\" class=\"c-ip-news__img c-ip-news__img--carousel wp-post-image\" alt=\"\" srcset=\"https:\/\/petsworld.ba\/wp-content\/uploads\/2024\/09\/pet-m-765x765.jpg 765w, https:\/\/petsworld.ba\/wp-content\/uploads\/2024\/09\/pet-m-460x460.jpg 460w, https:\/\/petsworld.ba\/wp-content\/uploads\/2024\/09\/pet-m-1530x1530.jpg 1530w, https:\/\/petsworld.ba\/wp-content\/uploads\/2024\/09\/pet-m-115x115.jpg 115w, https:\/\/petsworld.ba\/wp-content\/uploads\/2024\/09\/pet-m-12x12.jpg 12w, https:\/\/petsworld.ba\/wp-content\/uploads\/2024\/09\/pet-m-920x920.jpg 920w, https:\/\/petsworld.ba\/wp-content\/uploads\/2024\/09\/pet-m-1320x1320.jpg 1320w, https:\/\/petsworld.ba\/wp-content\/uploads\/2024\/09\/pet-m-231x231.jpg 231w, https:\/\/petsworld.ba\/wp-content\/uploads\/2024\/09\/pet-m-50x50.jpg 50w, https:\/\/petsworld.ba\/wp-content\/uploads\/2024\/09\/pet-m-100x100.jpg 100w, https:\/\/petsworld.ba\/wp-content\/uploads\/2024\/09\/pet-m.jpg 1563w\" sizes=\"(max-width: 765px) 100vw, 765px\" \/>\t\t\t\t\t\t\t\t<\/a>\n\t\t\t\t\t\t\t\t\t\t\t\t\t\t<div\n\t\t\t\t\t\t\t\tclass=\"c-ip-news__content c-ip-news__content--carousel\">\n\t\t\t\t\t\t\t\t\t\t\t\t\t\t\t\t\t<div\n\t\t\t\t\t\t\t\t\t\tclass=\"c-ip-news__meta-date c-ip-news__meta-date--carousel  c-ip-news__meta-date--with-thumb\">\n\t\t\t\t\t\t\t\t\t\tSeptember 26, 2024\t\t\t\t\t\t\t\t\t<\/div>\n\t\t\t\t\t\t\t\t\t\t\t\t\t\t\t\t<div class=\"c-ip-news__title\"><a href=\"https:\/\/petsworld.ba\/en\/nasi-proizvodi-sada-su-dostupni-i-u-pet-mania-u-tuzli\/\">Na\u0161i proizvodi sada su dostupni i u PET MANIA u Tuzli!<\/a><\/div>\t\t\t\t\t\t\t\t<div class=\"c-ip-news__except c-ip-news__except--carousel\">\n\t\t\t\t\t\t\t\t\t\t\t\t\t\t\t\t\t\t\t<p>Na\u0161i proizvodi sada su dostupni i u PET MANIA&hellip;<\/p>\n\t\t\t\t\t\t\t\t\t\t\t\t\t\t\t\t\t\t<\/div>\n\t\t\t\t\t\t\t\t\t\t\t\t\t\t\t<\/div>\n\t\t\t\t\t\t<\/div>\n\t\t\t\t\t\t\t\t\t\t\t\t\t\t\t\t\t\t\t\t\t\t\t\t<\/div>\n\n\t\t\t\t\t\t\t<\/div>\n\t\t<\/div>\n\t\t\t\t<\/div>\n\t\t\t\t<\/div>\n\t\t\t\t\t<\/div>\n\t\t<\/div>\n\t\t\t\t\t<\/div>\n\t\t<\/section>\n\t\t<div class=\"elementor-element elementor-element-bcc7370 e-flex e-con-boxed e-con e-parent\" data-id=\"bcc7370\" data-element_type=\"container\">\n\t\t\t\t\t<div class=\"e-con-inner\">\n\t\t\t\t<div class=\"elementor-element elementor-element-0135495 elementor-widget elementor-widget-spacer\" data-id=\"0135495\" data-element_type=\"widget\" data-widget_type=\"spacer.default\">\n\t\t\t\t<div class=\"elementor-widget-container\">\n\t\t\t\t\t<div class=\"elementor-spacer\">\n\t\t\t<div class=\"elementor-spacer-inner\"><\/div>\n\t\t<\/div>\n\t\t\t\t<\/div>\n\t\t\t\t<\/div>\n\t\t\t\t\t<\/div>\n\t\t\t\t<\/div>\n\t\t\t\t<\/div>","protected":false},"excerpt":{"rendered":"<p>Va\u0161i ljubimci su na\u0161i prijatelji Visokokvalitetni namje\u0161taj za ku\u0107ne ljubimce Pets World Dobrodo\u0161li u Pets World, va\u0161u omiljenu&hellip;<\/p>","protected":false},"author":1,"featured_media":0,"parent":0,"menu_order":0,"comment_status":"closed","ping_status":"closed","template":"elementor_header_footer","meta":{"footnotes":""},"jetpack_sharing_enabled":true,"_links":{"self":[{"href":"https:\/\/petsworld.ba\/en\/wp-json\/wp\/v2\/pages\/1224"}],"collection":[{"href":"https:\/\/petsworld.ba\/en\/wp-json\/wp\/v2\/pages"}],"about":[{"href":"https:\/\/petsworld.ba\/en\/wp-json\/wp\/v2\/types\/page"}],"author":[{"embeddable":true,"href":"https:\/\/petsworld.ba\/en\/wp-json\/wp\/v2\/users\/1"}],"replies":[{"embeddable":true,"href":"https:\/\/petsworld.ba\/en\/wp-json\/wp\/v2\/comments?post=1224"}],"version-history":[{"count":59,"href":"https:\/\/petsworld.ba\/en\/wp-json\/wp\/v2\/pages\/1224\/revisions"}],"predecessor-version":[{"id":59112,"href":"https:\/\/petsworld.ba\/en\/wp-json\/wp\/v2\/pages\/1224\/revisions\/59112"}],"wp:attachment":[{"href":"https:\/\/petsworld.ba\/en\/wp-json\/wp\/v2\/media?parent=1224"}],"curies":[{"name":"wp","href":"https:\/\/api.w.org\/{rel}","templated":true}]}}