{"id":473,"date":"2022-11-18T08:25:09","date_gmt":"2022-11-18T08:25:09","guid":{"rendered":"https:\/\/petsworld.ba\/?page_id=473"},"modified":"2024-07-23T08:37:46","modified_gmt":"2024-07-23T08:37:46","slug":"o-nama","status":"publish","type":"page","link":"https:\/\/petsworld.ba\/en\/o-nama\/","title":{"rendered":"O nama"},"content":{"rendered":"<div data-elementor-type=\"wp-page\" data-elementor-id=\"473\" class=\"elementor elementor-473\">\n\t\t\t\t\t\t<section class=\"elementor-section elementor-top-section elementor-element elementor-element-f519c72 elementor-section-content-middle elementor-section-boxed elementor-section-height-default elementor-section-height-default\" data-id=\"f519c72\" data-element_type=\"section\">\n\t\t\t\t\t\t<div class=\"elementor-container elementor-column-gap-default\">\n\t\t\t\t\t<div class=\"elementor-column elementor-col-50 elementor-top-column elementor-element elementor-element-0561574\" data-id=\"0561574\" data-element_type=\"column\">\n\t\t\t<div class=\"elementor-widget-wrap elementor-element-populated\">\n\t\t\t\t\t\t<div class=\"elementor-element elementor-element-e81327a e-transform elementor-widget elementor-widget-image\" data-id=\"e81327a\" data-element_type=\"widget\" data-settings=\"{&quot;_transform_rotateZ_effect_hover&quot;:{&quot;unit&quot;:&quot;px&quot;,&quot;size&quot;:-2,&quot;sizes&quot;:[]},&quot;_transform_rotateZ_effect_hover_tablet&quot;:{&quot;unit&quot;:&quot;px&quot;,&quot;size&quot;:0,&quot;sizes&quot;:[]},&quot;_transform_rotateZ_effect_hover_mobile&quot;:{&quot;unit&quot;:&quot;px&quot;,&quot;size&quot;:0,&quot;sizes&quot;:[]}}\" data-widget_type=\"image.default\">\n\t\t\t\t<div class=\"elementor-widget-container\">\n\t\t\t\t\t\t\t\t\t\t\t\t\t<img fetchpriority=\"high\" decoding=\"async\" width=\"1000\" height=\"1000\" src=\"https:\/\/petsworld.ba\/wp-content\/uploads\/2024\/07\/onama.jpg\" class=\"attachment-full size-full wp-image-58929\" alt=\"\" srcset=\"https:\/\/petsworld.ba\/wp-content\/uploads\/2024\/07\/onama.jpg 1000w, https:\/\/petsworld.ba\/wp-content\/uploads\/2024\/07\/onama-460x460.jpg 460w, https:\/\/petsworld.ba\/wp-content\/uploads\/2024\/07\/onama-115x115.jpg 115w, https:\/\/petsworld.ba\/wp-content\/uploads\/2024\/07\/onama-765x765.jpg 765w, https:\/\/petsworld.ba\/wp-content\/uploads\/2024\/07\/onama-12x12.jpg 12w, https:\/\/petsworld.ba\/wp-content\/uploads\/2024\/07\/onama-920x920.jpg 920w, https:\/\/petsworld.ba\/wp-content\/uploads\/2024\/07\/onama-231x231.jpg 231w, https:\/\/petsworld.ba\/wp-content\/uploads\/2024\/07\/onama-50x50.jpg 50w, https:\/\/petsworld.ba\/wp-content\/uploads\/2024\/07\/onama-100x100.jpg 100w\" sizes=\"(max-width: 1000px) 100vw, 1000px\" \/>\t\t\t\t\t\t\t\t\t\t\t\t\t<\/div>\n\t\t\t\t<\/div>\n\t\t\t\t\t<\/div>\n\t\t<\/div>\n\t\t\t\t<div class=\"elementor-column elementor-col-50 elementor-top-column elementor-element elementor-element-c3de904\" data-id=\"c3de904\" data-element_type=\"column\" data-settings=\"{&quot;background_background&quot;:&quot;classic&quot;}\">\n\t\t\t<div class=\"elementor-widget-wrap elementor-element-populated\">\n\t\t\t\t\t<div class=\"elementor-background-overlay\"><\/div>\n\t\t\t\t\t\t<div class=\"elementor-element elementor-element-d531262 elementor-widget elementor-widget-heading\" data-id=\"d531262\" data-element_type=\"widget\" data-widget_type=\"heading.default\">\n\t\t\t\t<div class=\"elementor-widget-container\">\n\t\t\t<h2 class=\"elementor-heading-title elementor-size-default\">Pets World<\/h2>\t\t<\/div>\n\t\t\t\t<\/div>\n\t\t\t\t<div class=\"elementor-element elementor-element-964ce47 elementor-widget elementor-widget-text-editor\" data-id=\"964ce47\" data-element_type=\"widget\" data-widget_type=\"text-editor.default\">\n\t\t\t\t<div class=\"elementor-widget-container\">\n\t\t\t\t\t\t\t<p>Dobrodo\u0161li u Pets World, va\u0161u omiljenu destinaciju za visokokvalitetni namje\u0161taj za ku\u0107ne ljubimce!<\/p><p>Na\u0161a misija je pru\u017eiti va\u0161im dragim ljubimcima najudobnije i najmodernije proizvode, dizajnirane s ljubavlju i pa\u017enjom prema njihovim potrebama.<\/p><p>Na\u0161a ponuda namje\u0161taja za ku\u0107ne ljubimce, uklju\u010duje le\u017ealjke, ku\u0107ice i grebalice, koje su izra\u0111ene od najkvalitetnijih materijala kako bi osigurali dugotrajnost i sigurnost.<\/p>\t\t\t\t\t\t<\/div>\n\t\t\t\t<\/div>\n\t\t\t\t\t<\/div>\n\t\t<\/div>\n\t\t\t\t\t<\/div>\n\t\t<\/section>\n\t\t\t\t<section class=\"elementor-section elementor-top-section elementor-element elementor-element-9c6996a elementor-section-content-middle elementor-reverse-mobile elementor-section-boxed elementor-section-height-default elementor-section-height-default\" data-id=\"9c6996a\" data-element_type=\"section\">\n\t\t\t\t\t\t<div class=\"elementor-container elementor-column-gap-default\">\n\t\t\t\t\t<div class=\"elementor-column elementor-col-50 elementor-top-column elementor-element elementor-element-1e8098a\" data-id=\"1e8098a\" data-element_type=\"column\" data-settings=\"{&quot;background_background&quot;:&quot;classic&quot;}\">\n\t\t\t<div class=\"elementor-widget-wrap elementor-element-populated\">\n\t\t\t\t\t<div class=\"elementor-background-overlay\"><\/div>\n\t\t\t\t\t\t<div class=\"elementor-element elementor-element-d60dd16 elementor-widget elementor-widget-heading\" data-id=\"d60dd16\" data-element_type=\"widget\" data-widget_type=\"heading.default\">\n\t\t\t\t<div class=\"elementor-widget-container\">\n\t\t\t<h2 class=\"elementor-heading-title elementor-size-default\">Visokokvalitetni namje\u0161taj za va\u0161e ljubimce<\/h2>\t\t<\/div>\n\t\t\t\t<\/div>\n\t\t\t\t<div class=\"elementor-element elementor-element-fba7ce6 elementor-widget elementor-widget-text-editor\" data-id=\"fba7ce6\" data-element_type=\"widget\" data-widget_type=\"text-editor.default\">\n\t\t\t\t<div class=\"elementor-widget-container\">\n\t\t\t\t\t\t\t<p>Na\u0161e le\u017ealjke su savr\u0161ene za opu\u0161tanje i odmor va\u0161ih ljubimaca. Dizajnirane su da pru\u017ee maksimalnu udobnost, a dolaze u raznim veli\u010dinama i stilovima kako bi se uklopile u svaki dom.<\/p><p>Svaka na\u0161a ku\u0107ica je mali raj za va\u0161eg ljubimca. Idealne su za privatnost i osje\u0107aj sigurnosti, a izra\u0111ene su od ekolo\u0161kih i sigurnih materijala. Znamo koliko je va\u017eno da va\u0161i ma\u010di\u0107i imaju sigurno mjesto za grebanje. Na\u0161e grebalice su \u010dvrste, stabilne i dolaze u razli\u010ditim dizajnima koji \u0107e zadovoljiti sve potrebe va\u0161eg ljubimca, a istovremeno \u0161tite va\u0161 namje\u0161taj. Svi na\u0161i proizvodi prolaze stroge kontrole kvaliteta kako bismo osigurali da va\u0161 ljubimac dobije samo najbolje.<\/p><p>Na\u0161 tim dizajnera kontinuirano radi na inovativnim i funkcionalnim rje\u0161enjima koja \u0107e va\u0161em ljubimcu pru\u017eiti udobnost, a vama zadovoljstvo.<\/p><p>Hvala vam \u0161to birate Pets World \u2013 gdje udobnost i sre\u0107a va\u0161ih ljubimaca dolaze na prvo mjesto!<\/p>\t\t\t\t\t\t<\/div>\n\t\t\t\t<\/div>\n\t\t\t\t\t<\/div>\n\t\t<\/div>\n\t\t\t\t<div class=\"elementor-column elementor-col-50 elementor-top-column elementor-element elementor-element-335fb00\" data-id=\"335fb00\" data-element_type=\"column\">\n\t\t\t<div class=\"elementor-widget-wrap elementor-element-populated\">\n\t\t\t\t\t\t<div class=\"elementor-element elementor-element-78d4dfa e-transform elementor-widget elementor-widget-image\" data-id=\"78d4dfa\" data-element_type=\"widget\" data-settings=\"{&quot;_transform_rotateZ_effect_hover&quot;:{&quot;unit&quot;:&quot;px&quot;,&quot;size&quot;:2,&quot;sizes&quot;:[]},&quot;_transform_rotateZ_effect_hover_tablet&quot;:{&quot;unit&quot;:&quot;px&quot;,&quot;size&quot;:0,&quot;sizes&quot;:[]},&quot;_transform_rotateZ_effect_hover_mobile&quot;:{&quot;unit&quot;:&quot;px&quot;,&quot;size&quot;:0,&quot;sizes&quot;:[]}}\" data-widget_type=\"image.default\">\n\t\t\t\t<div class=\"elementor-widget-container\">\n\t\t\t\t\t\t\t\t\t\t\t\t\t<img decoding=\"async\" width=\"1000\" height=\"1000\" src=\"https:\/\/petsworld.ba\/wp-content\/uploads\/2024\/07\/proizvodi.jpg\" class=\"attachment-full size-full wp-image-58928\" alt=\"\" srcset=\"https:\/\/petsworld.ba\/wp-content\/uploads\/2024\/07\/proizvodi.jpg 1000w, https:\/\/petsworld.ba\/wp-content\/uploads\/2024\/07\/proizvodi-460x460.jpg 460w, https:\/\/petsworld.ba\/wp-content\/uploads\/2024\/07\/proizvodi-115x115.jpg 115w, https:\/\/petsworld.ba\/wp-content\/uploads\/2024\/07\/proizvodi-765x765.jpg 765w, https:\/\/petsworld.ba\/wp-content\/uploads\/2024\/07\/proizvodi-12x12.jpg 12w, https:\/\/petsworld.ba\/wp-content\/uploads\/2024\/07\/proizvodi-920x920.jpg 920w, https:\/\/petsworld.ba\/wp-content\/uploads\/2024\/07\/proizvodi-231x231.jpg 231w, https:\/\/petsworld.ba\/wp-content\/uploads\/2024\/07\/proizvodi-50x50.jpg 50w, https:\/\/petsworld.ba\/wp-content\/uploads\/2024\/07\/proizvodi-100x100.jpg 100w\" sizes=\"(max-width: 1000px) 100vw, 1000px\" \/>\t\t\t\t\t\t\t\t\t\t\t\t\t<\/div>\n\t\t\t\t<\/div>\n\t\t\t\t\t<\/div>\n\t\t<\/div>\n\t\t\t\t\t<\/div>\n\t\t<\/section>\n\t\t<div class=\"elementor-element elementor-element-000c557 e-flex e-con-boxed e-con e-parent\" data-id=\"000c557\" data-element_type=\"container\">\n\t\t\t\t\t<div class=\"e-con-inner\">\n\t\t\t\t<div class=\"elementor-element elementor-element-39e4aa9 elementor-widget elementor-widget-spacer\" data-id=\"39e4aa9\" data-element_type=\"widget\" data-widget_type=\"spacer.default\">\n\t\t\t\t<div class=\"elementor-widget-container\">\n\t\t\t\t\t<div class=\"elementor-spacer\">\n\t\t\t<div class=\"elementor-spacer-inner\"><\/div>\n\t\t<\/div>\n\t\t\t\t<\/div>\n\t\t\t\t<\/div>\n\t\t\t\t\t<\/div>\n\t\t\t\t<\/div>\n\t\t\t\t<\/div>","protected":false},"excerpt":{"rendered":"<p>Pets World Dobrodo\u0161li u Pets World, va\u0161u omiljenu destinaciju za visokokvalitetni namje\u0161taj za ku\u0107ne ljubimce! Na\u0161a misija je&hellip;<\/p>","protected":false},"author":1,"featured_media":0,"parent":0,"menu_order":0,"comment_status":"closed","ping_status":"closed","template":"elementor_header_footer","meta":{"footnotes":""},"jetpack_sharing_enabled":true,"_links":{"self":[{"href":"https:\/\/petsworld.ba\/en\/wp-json\/wp\/v2\/pages\/473"}],"collection":[{"href":"https:\/\/petsworld.ba\/en\/wp-json\/wp\/v2\/pages"}],"about":[{"href":"https:\/\/petsworld.ba\/en\/wp-json\/wp\/v2\/types\/page"}],"author":[{"embeddable":true,"href":"https:\/\/petsworld.ba\/en\/wp-json\/wp\/v2\/users\/1"}],"replies":[{"embeddable":true,"href":"https:\/\/petsworld.ba\/en\/wp-json\/wp\/v2\/comments?post=473"}],"version-history":[{"count":20,"href":"https:\/\/petsworld.ba\/en\/wp-json\/wp\/v2\/pages\/473\/revisions"}],"predecessor-version":[{"id":58932,"href":"https:\/\/petsworld.ba\/en\/wp-json\/wp\/v2\/pages\/473\/revisions\/58932"}],"wp:attachment":[{"href":"https:\/\/petsworld.ba\/en\/wp-json\/wp\/v2\/media?parent=473"}],"curies":[{"name":"wp","href":"https:\/\/api.w.org\/{rel}","templated":true}]}}