{"id":58680,"date":"2024-07-01T14:38:48","date_gmt":"2024-07-01T14:38:48","guid":{"rendered":"https:\/\/petsworld.ba\/?post_type=product&#038;p=58680"},"modified":"2024-09-26T18:19:10","modified_gmt":"2024-09-26T18:19:10","slug":"nala-kucica-za-mace","status":"publish","type":"product","link":"https:\/\/petsworld.ba\/en\/shop\/nala-kucica-za-mace\/","title":{"rendered":"NALA KU\u0106ICA ZA MACE"},"content":{"rendered":"","protected":false},"excerpt":{"rendered":"<p>Ku\u0107ica indijanskog stila iz samo \u010detiri dijela za Va\u0161e \u010dupave prijatelje. Ova ku\u0107ica od \u0161perplo\u010de se sastavlja u samo 3 jednostavna koraka za manje od minutu! Jednostavan dizajn sa krevetom od mekane tkanine mo\u017ee se koristiti za ljubimce srednje veli\u010dine.<\/p>","protected":false},"featured_media":59057,"comment_status":"closed","ping_status":"closed","template":"","meta":[],"product_cat":[70],"product_tag":[],"jetpack_sharing_enabled":true,"_links":{"self":[{"href":"https:\/\/petsworld.ba\/en\/wp-json\/wp\/v2\/product\/58680"}],"collection":[{"href":"https:\/\/petsworld.ba\/en\/wp-json\/wp\/v2\/product"}],"about":[{"href":"https:\/\/petsworld.ba\/en\/wp-json\/wp\/v2\/types\/product"}],"replies":[{"embeddable":true,"href":"https:\/\/petsworld.ba\/en\/wp-json\/wp\/v2\/comments?post=58680"}],"version-history":[{"count":3,"href":"https:\/\/petsworld.ba\/en\/wp-json\/wp\/v2\/product\/58680\/revisions"}],"predecessor-version":[{"id":58986,"href":"https:\/\/petsworld.ba\/en\/wp-json\/wp\/v2\/product\/58680\/revisions\/58986"}],"wp:featuredmedia":[{"embeddable":true,"href":"https:\/\/petsworld.ba\/en\/wp-json\/wp\/v2\/media\/59057"}],"wp:attachment":[{"href":"https:\/\/petsworld.ba\/en\/wp-json\/wp\/v2\/media?parent=58680"}],"wp:term":[{"taxonomy":"product_cat","embeddable":true,"href":"https:\/\/petsworld.ba\/en\/wp-json\/wp\/v2\/product_cat?post=58680"},{"taxonomy":"product_tag","embeddable":true,"href":"https:\/\/petsworld.ba\/en\/wp-json\/wp\/v2\/product_tag?post=58680"}],"curies":[{"name":"wp","href":"https:\/\/api.w.org\/{rel}","templated":true}]}}