{"id":58793,"date":"2024-07-02T08:22:56","date_gmt":"2024-07-02T08:22:56","guid":{"rendered":"https:\/\/petsworld.ba\/?post_type=product&#038;p=58793"},"modified":"2024-09-26T18:17:28","modified_gmt":"2024-09-26T18:17:28","slug":"bella-krevet-za-mace","status":"publish","type":"product","link":"https:\/\/petsworld.ba\/en\/shop\/bella-krevet-za-mace\/","title":{"rendered":"BELLA KREVET ZA MACE"},"content":{"rendered":"","protected":false},"excerpt":{"rendered":"<p>Krevet le\u017ealjka, idealan za sredne velike ma\u010dke. Spoj mekane tkanine i okvira od \u0161perplo\u010de jednostavno se uklopi u svaki dom ljubimaca.<\/p>","protected":false},"featured_media":59055,"comment_status":"closed","ping_status":"closed","template":"","meta":[],"product_cat":[74],"product_tag":[],"jetpack_sharing_enabled":true,"_links":{"self":[{"href":"https:\/\/petsworld.ba\/en\/wp-json\/wp\/v2\/product\/58793"}],"collection":[{"href":"https:\/\/petsworld.ba\/en\/wp-json\/wp\/v2\/product"}],"about":[{"href":"https:\/\/petsworld.ba\/en\/wp-json\/wp\/v2\/types\/product"}],"replies":[{"embeddable":true,"href":"https:\/\/petsworld.ba\/en\/wp-json\/wp\/v2\/comments?post=58793"}],"version-history":[{"count":3,"href":"https:\/\/petsworld.ba\/en\/wp-json\/wp\/v2\/product\/58793\/revisions"}],"predecessor-version":[{"id":58978,"href":"https:\/\/petsworld.ba\/en\/wp-json\/wp\/v2\/product\/58793\/revisions\/58978"}],"wp:featuredmedia":[{"embeddable":true,"href":"https:\/\/petsworld.ba\/en\/wp-json\/wp\/v2\/media\/59055"}],"wp:attachment":[{"href":"https:\/\/petsworld.ba\/en\/wp-json\/wp\/v2\/media?parent=58793"}],"wp:term":[{"taxonomy":"product_cat","embeddable":true,"href":"https:\/\/petsworld.ba\/en\/wp-json\/wp\/v2\/product_cat?post=58793"},{"taxonomy":"product_tag","embeddable":true,"href":"https:\/\/petsworld.ba\/en\/wp-json\/wp\/v2\/product_tag?post=58793"}],"curies":[{"name":"wp","href":"https:\/\/api.w.org\/{rel}","templated":true}]}}