{"id":58834,"date":"2024-07-18T14:06:08","date_gmt":"2024-07-18T14:06:08","guid":{"rendered":"https:\/\/petsworld.ba\/?post_type=product&#038;p=58834"},"modified":"2024-09-26T18:14:16","modified_gmt":"2024-09-26T18:14:16","slug":"leo-grebalica-za-mace","status":"publish","type":"product","link":"https:\/\/petsworld.ba\/en\/shop\/leo-grebalica-za-mace\/","title":{"rendered":"LEO GREBALICA ZA MACE"},"content":{"rendered":"","protected":false},"excerpt":{"rendered":"<p>Uspravna grebalica za ku\u0107ne ljubimce sa drvenim okvirom. Mo\u017ee se koristiti i polo\u017eena na pod horizontalno. Za male i velike ma\u010dke. Ova grebalica \u0161titi namje\u0161taj u ku\u0107i pru\u017eaju\u0107i atrakciju ma\u010dkama da grebu njenu povr\u0161inu. Izdr\u017eljivi materijal sa drvenim okvirom je dugotrajno rje\u0161enje za razigrane ljubimce. Sisal je antialergeni materijal koji ne stvara pra\u0161inu i otporan je na vanjske faktore.<\/p>","protected":false},"featured_media":59050,"comment_status":"closed","ping_status":"closed","template":"","meta":[],"product_cat":[57],"product_tag":[],"jetpack_sharing_enabled":true,"_links":{"self":[{"href":"https:\/\/petsworld.ba\/en\/wp-json\/wp\/v2\/product\/58834"}],"collection":[{"href":"https:\/\/petsworld.ba\/en\/wp-json\/wp\/v2\/product"}],"about":[{"href":"https:\/\/petsworld.ba\/en\/wp-json\/wp\/v2\/types\/product"}],"replies":[{"embeddable":true,"href":"https:\/\/petsworld.ba\/en\/wp-json\/wp\/v2\/comments?post=58834"}],"version-history":[{"count":2,"href":"https:\/\/petsworld.ba\/en\/wp-json\/wp\/v2\/product\/58834\/revisions"}],"predecessor-version":[{"id":59001,"href":"https:\/\/petsworld.ba\/en\/wp-json\/wp\/v2\/product\/58834\/revisions\/59001"}],"wp:featuredmedia":[{"embeddable":true,"href":"https:\/\/petsworld.ba\/en\/wp-json\/wp\/v2\/media\/59050"}],"wp:attachment":[{"href":"https:\/\/petsworld.ba\/en\/wp-json\/wp\/v2\/media?parent=58834"}],"wp:term":[{"taxonomy":"product_cat","embeddable":true,"href":"https:\/\/petsworld.ba\/en\/wp-json\/wp\/v2\/product_cat?post=58834"},{"taxonomy":"product_tag","embeddable":true,"href":"https:\/\/petsworld.ba\/en\/wp-json\/wp\/v2\/product_tag?post=58834"}],"curies":[{"name":"wp","href":"https:\/\/api.w.org\/{rel}","templated":true}]}}