{"id":58842,"date":"2024-07-18T14:13:14","date_gmt":"2024-07-18T14:13:14","guid":{"rendered":"https:\/\/petsworld.ba\/?post_type=product&#038;p=58842"},"modified":"2024-09-26T18:15:59","modified_gmt":"2024-09-26T18:15:59","slug":"luna-kucica-za-mace-i-grebalica","status":"publish","type":"product","link":"https:\/\/petsworld.ba\/en\/shop\/luna-kucica-za-mace-i-grebalica\/","title":{"rendered":"LUNA KU\u0106ICA ZA MACE I  GREBALICA"},"content":{"rendered":"","protected":false},"excerpt":{"rendered":"<p>Ako tra\u017eite ku\u0107icu za ljubimca i grebalicu, onda je ovaj proizvod za Vas. Jednostavan dizajn ove ku\u0107ice koji mo\u017eete sastaviti u samo 3 koraka sa uspravnom grebalicom \u0107e dati Va\u0161em ljubimcu sve \u0161to mu treba, pored ljubavi i hrane koju pru\u017eate. Proizvod je napravljen od \u0161perplo\u010de, sisala, spu\u017eve i mekane tkanine. Sisal je antialergeni materijal koji ne stvara pra\u0161inu i otporan je na vanjske faktore.<\/p>","protected":false},"featured_media":59054,"comment_status":"closed","ping_status":"closed","template":"","meta":[],"product_cat":[70,57],"product_tag":[],"jetpack_sharing_enabled":true,"_links":{"self":[{"href":"https:\/\/petsworld.ba\/en\/wp-json\/wp\/v2\/product\/58842"}],"collection":[{"href":"https:\/\/petsworld.ba\/en\/wp-json\/wp\/v2\/product"}],"about":[{"href":"https:\/\/petsworld.ba\/en\/wp-json\/wp\/v2\/types\/product"}],"replies":[{"embeddable":true,"href":"https:\/\/petsworld.ba\/en\/wp-json\/wp\/v2\/comments?post=58842"}],"version-history":[{"count":2,"href":"https:\/\/petsworld.ba\/en\/wp-json\/wp\/v2\/product\/58842\/revisions"}],"predecessor-version":[{"id":58987,"href":"https:\/\/petsworld.ba\/en\/wp-json\/wp\/v2\/product\/58842\/revisions\/58987"}],"wp:featuredmedia":[{"embeddable":true,"href":"https:\/\/petsworld.ba\/en\/wp-json\/wp\/v2\/media\/59054"}],"wp:attachment":[{"href":"https:\/\/petsworld.ba\/en\/wp-json\/wp\/v2\/media?parent=58842"}],"wp:term":[{"taxonomy":"product_cat","embeddable":true,"href":"https:\/\/petsworld.ba\/en\/wp-json\/wp\/v2\/product_cat?post=58842"},{"taxonomy":"product_tag","embeddable":true,"href":"https:\/\/petsworld.ba\/en\/wp-json\/wp\/v2\/product_tag?post=58842"}],"curies":[{"name":"wp","href":"https:\/\/api.w.org\/{rel}","templated":true}]}}