{"id":58850,"date":"2024-07-18T14:16:13","date_gmt":"2024-07-18T14:16:13","guid":{"rendered":"https:\/\/petsworld.ba\/?post_type=product&#038;p=58850"},"modified":"2024-09-26T18:19:43","modified_gmt":"2024-09-26T18:19:43","slug":"oreo-kucica-za-mace","status":"publish","type":"product","link":"https:\/\/petsworld.ba\/en\/shop\/oreo-kucica-za-mace\/","title":{"rendered":"OREO KU\u0106ICA ZA MACE"},"content":{"rendered":"","protected":false},"excerpt":{"rendered":"<p>Kreiraj prekrasnu i udobnu ku\u0107icu sa krevetom za svog omiljenog \u010dupavog prijatelja. U samo nekoliko koraka sastavite ku\u0107icu u kojoj \u0107e Va\u0161 ljubimac u\u017eivati u opu\u0161taju\u0107oj drijemki. Ku\u0107ica je proizvedena od mekane tkanine, spu\u017eve i \u0161perplo\u010de.<\/p>","protected":false},"featured_media":59059,"comment_status":"closed","ping_status":"closed","template":"","meta":[],"product_cat":[70],"product_tag":[],"jetpack_sharing_enabled":true,"_links":{"self":[{"href":"https:\/\/petsworld.ba\/en\/wp-json\/wp\/v2\/product\/58850"}],"collection":[{"href":"https:\/\/petsworld.ba\/en\/wp-json\/wp\/v2\/product"}],"about":[{"href":"https:\/\/petsworld.ba\/en\/wp-json\/wp\/v2\/types\/product"}],"replies":[{"embeddable":true,"href":"https:\/\/petsworld.ba\/en\/wp-json\/wp\/v2\/comments?post=58850"}],"version-history":[{"count":2,"href":"https:\/\/petsworld.ba\/en\/wp-json\/wp\/v2\/product\/58850\/revisions"}],"predecessor-version":[{"id":58985,"href":"https:\/\/petsworld.ba\/en\/wp-json\/wp\/v2\/product\/58850\/revisions\/58985"}],"wp:featuredmedia":[{"embeddable":true,"href":"https:\/\/petsworld.ba\/en\/wp-json\/wp\/v2\/media\/59059"}],"wp:attachment":[{"href":"https:\/\/petsworld.ba\/en\/wp-json\/wp\/v2\/media?parent=58850"}],"wp:term":[{"taxonomy":"product_cat","embeddable":true,"href":"https:\/\/petsworld.ba\/en\/wp-json\/wp\/v2\/product_cat?post=58850"},{"taxonomy":"product_tag","embeddable":true,"href":"https:\/\/petsworld.ba\/en\/wp-json\/wp\/v2\/product_tag?post=58850"}],"curies":[{"name":"wp","href":"https:\/\/api.w.org\/{rel}","templated":true}]}}