{"id":58863,"date":"2024-07-18T14:21:57","date_gmt":"2024-07-18T14:21:57","guid":{"rendered":"https:\/\/petsworld.ba\/?post_type=product&#038;p=58863"},"modified":"2024-09-26T18:13:00","modified_gmt":"2024-09-26T18:13:00","slug":"lilly-grebalica-za-mace","status":"publish","type":"product","link":"https:\/\/petsworld.ba\/en\/shop\/lilly-grebalica-za-mace\/","title":{"rendered":"LILLY GREBALICA ZA MACE"},"content":{"rendered":"","protected":false},"excerpt":{"rendered":"<p>Samostoje\u0107a uspravna grebalica od \u0161perplo\u010de i sisala. Mo\u017ee se koristiti na malim prostorima u ku\u0107i i lahko se prenosi na druge lokacije. Grebalica podsti\u010de apetit ljubimaca i daje osje\u0107aj zadovoljstva i sre\u0107e Va\u0161im ljubimcima. Sisal je antialergeni materijal koji ne stvara pra\u0161inu i otporan je na vanjske faktore.<\/p>","protected":false},"featured_media":59048,"comment_status":"closed","ping_status":"closed","template":"","meta":[],"product_cat":[57],"product_tag":[],"jetpack_sharing_enabled":true,"_links":{"self":[{"href":"https:\/\/petsworld.ba\/en\/wp-json\/wp\/v2\/product\/58863"}],"collection":[{"href":"https:\/\/petsworld.ba\/en\/wp-json\/wp\/v2\/product"}],"about":[{"href":"https:\/\/petsworld.ba\/en\/wp-json\/wp\/v2\/types\/product"}],"replies":[{"embeddable":true,"href":"https:\/\/petsworld.ba\/en\/wp-json\/wp\/v2\/comments?post=58863"}],"version-history":[{"count":3,"href":"https:\/\/petsworld.ba\/en\/wp-json\/wp\/v2\/product\/58863\/revisions"}],"predecessor-version":[{"id":58997,"href":"https:\/\/petsworld.ba\/en\/wp-json\/wp\/v2\/product\/58863\/revisions\/58997"}],"wp:featuredmedia":[{"embeddable":true,"href":"https:\/\/petsworld.ba\/en\/wp-json\/wp\/v2\/media\/59048"}],"wp:attachment":[{"href":"https:\/\/petsworld.ba\/en\/wp-json\/wp\/v2\/media?parent=58863"}],"wp:term":[{"taxonomy":"product_cat","embeddable":true,"href":"https:\/\/petsworld.ba\/en\/wp-json\/wp\/v2\/product_cat?post=58863"},{"taxonomy":"product_tag","embeddable":true,"href":"https:\/\/petsworld.ba\/en\/wp-json\/wp\/v2\/product_tag?post=58863"}],"curies":[{"name":"wp","href":"https:\/\/api.w.org\/{rel}","templated":true}]}}