{"id":58871,"date":"2024-07-18T14:26:34","date_gmt":"2024-07-18T14:26:34","guid":{"rendered":"https:\/\/petsworld.ba\/?post_type=product&#038;p=58871"},"modified":"2024-09-26T18:12:01","modified_gmt":"2024-09-26T18:12:01","slug":"mia-kucica-za-mace","status":"publish","type":"product","link":"https:\/\/petsworld.ba\/en\/shop\/mia-kucica-za-mace\/","title":{"rendered":"MIA KU\u0106ICA ZA MACE"},"content":{"rendered":"","protected":false},"excerpt":{"rendered":"<p>Ova ku\u0107ica za ljubimce sa krevetom na vrhu idealna je za razigrane ljubimce koji vole da se skrivaju, ili jednostavno vole drijemke. Ova ku\u0107e je ujedno i mekana i \u010dvrsta i pru\u017ea upravo ono \u0161to ljubimcima treba. Sastavljena je od mekane tkanine koja Va\u0161em ljubimcu pru\u017ea udobnu i toplu drijemku.<\/p>","protected":false},"featured_media":59047,"comment_status":"closed","ping_status":"closed","template":"","meta":[],"product_cat":[70],"product_tag":[],"jetpack_sharing_enabled":true,"_links":{"self":[{"href":"https:\/\/petsworld.ba\/en\/wp-json\/wp\/v2\/product\/58871"}],"collection":[{"href":"https:\/\/petsworld.ba\/en\/wp-json\/wp\/v2\/product"}],"about":[{"href":"https:\/\/petsworld.ba\/en\/wp-json\/wp\/v2\/types\/product"}],"replies":[{"embeddable":true,"href":"https:\/\/petsworld.ba\/en\/wp-json\/wp\/v2\/comments?post=58871"}],"version-history":[{"count":3,"href":"https:\/\/petsworld.ba\/en\/wp-json\/wp\/v2\/product\/58871\/revisions"}],"predecessor-version":[{"id":59044,"href":"https:\/\/petsworld.ba\/en\/wp-json\/wp\/v2\/product\/58871\/revisions\/59044"}],"wp:featuredmedia":[{"embeddable":true,"href":"https:\/\/petsworld.ba\/en\/wp-json\/wp\/v2\/media\/59047"}],"wp:attachment":[{"href":"https:\/\/petsworld.ba\/en\/wp-json\/wp\/v2\/media?parent=58871"}],"wp:term":[{"taxonomy":"product_cat","embeddable":true,"href":"https:\/\/petsworld.ba\/en\/wp-json\/wp\/v2\/product_cat?post=58871"},{"taxonomy":"product_tag","embeddable":true,"href":"https:\/\/petsworld.ba\/en\/wp-json\/wp\/v2\/product_tag?post=58871"}],"curies":[{"name":"wp","href":"https:\/\/api.w.org\/{rel}","templated":true}]}}